{"id":554,"date":"2023-06-12T16:01:18","date_gmt":"2023-06-12T14:01:18","guid":{"rendered":"https:\/\/fresw.pl\/?page_id=554"},"modified":"2023-07-11T23:57:52","modified_gmt":"2023-07-11T21:57:52","slug":"kontakt","status":"publish","type":"page","link":"https:\/\/fresw.pl\/uk\/kontakt","title":{"rendered":"\u041a\u043e\u043d\u0442\u0430\u043a\u0442"},"content":{"rendered":"\t\t<div data-elementor-type=\"wp-page\" data-elementor-id=\"554\" class=\"elementor elementor-554 elementor-552\" data-elementor-post-type=\"page\">\n\t\t\t\t\t\t<section class=\"elementor-section elementor-top-section elementor-element elementor-element-4cd0578 elementor-section-boxed elementor-section-height-default elementor-section-height-default\" data-id=\"4cd0578\" data-element_type=\"section\">\n\t\t\t\t\t\t<div class=\"elementor-container elementor-column-gap-default\">\n\t\t\t\t\t<div class=\"elementor-column elementor-col-100 elementor-top-column elementor-element elementor-element-821b6b9\" data-id=\"821b6b9\" data-element_type=\"column\">\n\t\t\t<div class=\"elementor-widget-wrap elementor-element-populated\">\n\t\t\t\t\t\t<div class=\"elementor-element elementor-element-bbe708e elementor-widget elementor-widget-heading\" data-id=\"bbe708e\" data-element_type=\"widget\" data-widget_type=\"heading.default\">\n\t\t\t\t<div class=\"elementor-widget-container\">\n\t\t\t<style>\/*! elementor - v3.23.0 - 05-08-2024 *\/\n.elementor-heading-title{padding:0;margin:0;line-height:1}.elementor-widget-heading .elementor-heading-title[class*=elementor-size-]>a{color:inherit;font-size:inherit;line-height:inherit}.elementor-widget-heading .elementor-heading-title.elementor-size-small{font-size:15px}.elementor-widget-heading .elementor-heading-title.elementor-size-medium{font-size:19px}.elementor-widget-heading .elementor-heading-title.elementor-size-large{font-size:29px}.elementor-widget-heading .elementor-heading-title.elementor-size-xl{font-size:39px}.elementor-widget-heading .elementor-heading-title.elementor-size-xxl{font-size:59px}<\/style><h1 class=\"elementor-heading-title elementor-size-default\">\u041a\u043e\u043d\u0442\u0430\u043a\u0442<\/h1>\t\t<\/div>\n\t\t\t\t<\/div>\n\t\t\t\t\t<\/div>\n\t\t<\/div>\n\t\t\t\t\t<\/div>\n\t\t<\/section>\n\t\t\t\t<section class=\"elementor-section elementor-top-section elementor-element elementor-element-5bd84f4 elementor-section-boxed elementor-section-height-default elementor-section-height-default\" data-id=\"5bd84f4\" data-element_type=\"section\">\n\t\t\t\t\t\t<div class=\"elementor-container elementor-column-gap-default\">\n\t\t\t\t\t<div class=\"elementor-column elementor-col-100 elementor-top-column elementor-element elementor-element-5604337\" data-id=\"5604337\" data-element_type=\"column\">\n\t\t\t<div class=\"elementor-widget-wrap elementor-element-populated\">\n\t\t\t\t\t\t<div class=\"elementor-element elementor-element-9ec8f56 elementor-widget elementor-widget-html\" data-id=\"9ec8f56\" data-element_type=\"widget\" data-widget_type=\"html.default\">\n\t\t\t\t<div class=\"elementor-widget-container\">\n\t\t\t<iframe src=\"https:\/\/www.google.com\/maps\/embed?pb=!1m18!1m12!1m3!1d312.1846231458597!2d22.5579641!3d51.247126520072825!2m3!1f0!2f0!3f0!3m2!1i1024!2i768!4f13.1!3m3!1m2!1s0x472257688cece751%3A0xd59353e17df65691!2zSHVnb25hIEtvxYLFgsSFdGFqYSAzLCAyMC0wMDYgTHVibGlu!5e0!3m2!1spl!2spl!4v1686578578282!5m2!1spl!2spl\" width=\"600\" height=\"450\" style=\"border:0;\" allowfullscreen=\"\" loading=\"lazy\" referrerpolicy=\"no-referrer-when-downgrade\"><\/iframe>\t\t<\/div>\n\t\t\t\t<\/div>\n\t\t\t\t\t<\/div>\n\t\t<\/div>\n\t\t\t\t\t<\/div>\n\t\t<\/section>\n\t\t\t\t<section class=\"elementor-section elementor-top-section elementor-element elementor-element-8020099 elementor-section-boxed elementor-section-height-default elementor-section-height-default\" data-id=\"8020099\" data-element_type=\"section\" id=\"go-contact\" data-settings=\"{&quot;background_background&quot;:&quot;classic&quot;}\">\n\t\t\t\t\t\t<div class=\"elementor-container elementor-column-gap-default\">\n\t\t\t\t\t<div class=\"elementor-column elementor-col-50 elementor-top-column elementor-element elementor-element-e756ed6\" data-id=\"e756ed6\" data-element_type=\"column\">\n\t\t\t<div class=\"elementor-widget-wrap elementor-element-populated\">\n\t\t\t\t\t\t<div class=\"elementor-element elementor-element-b65925a elementor-widget elementor-widget-spacer\" data-id=\"b65925a\" data-element_type=\"widget\" data-widget_type=\"spacer.default\">\n\t\t\t\t<div class=\"elementor-widget-container\">\n\t\t\t<style>\/*! elementor - v3.23.0 - 05-08-2024 *\/\n.elementor-column .elementor-spacer-inner{height:var(--spacer-size)}.e-con{--container-widget-width:100%}.e-con-inner>.elementor-widget-spacer,.e-con>.elementor-widget-spacer{width:var(--container-widget-width,var(--spacer-size));--align-self:var(--container-widget-align-self,initial);--flex-shrink:0}.e-con-inner>.elementor-widget-spacer>.elementor-widget-container,.e-con>.elementor-widget-spacer>.elementor-widget-container{height:100%;width:100%}.e-con-inner>.elementor-widget-spacer>.elementor-widget-container>.elementor-spacer,.e-con>.elementor-widget-spacer>.elementor-widget-container>.elementor-spacer{height:100%}.e-con-inner>.elementor-widget-spacer>.elementor-widget-container>.elementor-spacer>.elementor-spacer-inner,.e-con>.elementor-widget-spacer>.elementor-widget-container>.elementor-spacer>.elementor-spacer-inner{height:var(--container-widget-height,var(--spacer-size))}.e-con-inner>.elementor-widget-spacer.elementor-widget-empty,.e-con>.elementor-widget-spacer.elementor-widget-empty{position:relative;min-height:22px;min-width:22px}.e-con-inner>.elementor-widget-spacer.elementor-widget-empty .elementor-widget-empty-icon,.e-con>.elementor-widget-spacer.elementor-widget-empty .elementor-widget-empty-icon{position:absolute;top:0;bottom:0;left:0;right:0;margin:auto;padding:0;width:22px;height:22px}<\/style>\t\t<div class=\"elementor-spacer\">\n\t\t\t<div class=\"elementor-spacer-inner\"><\/div>\n\t\t<\/div>\n\t\t\t\t<\/div>\n\t\t\t\t<\/div>\n\t\t\t\t<div class=\"elementor-element elementor-element-9ee4dd9 elementor-widget elementor-widget-heading\" data-id=\"9ee4dd9\" data-element_type=\"widget\" data-widget_type=\"heading.default\">\n\t\t\t\t<div class=\"elementor-widget-container\">\n\t\t\t<h2 class=\"elementor-heading-title elementor-size-default\">\u0410\u0414\u0420\u0415\u0421\u0410<\/h2>\t\t<\/div>\n\t\t\t\t<\/div>\n\t\t\t\t<div class=\"elementor-element elementor-element-da22e9e elementor-widget elementor-widget-text-editor\" data-id=\"da22e9e\" data-element_type=\"widget\" data-widget_type=\"text-editor.default\">\n\t\t\t\t<div class=\"elementor-widget-container\">\n\t\t\t<style>\/*! elementor - v3.23.0 - 05-08-2024 *\/\n.elementor-widget-text-editor.elementor-drop-cap-view-stacked .elementor-drop-cap{background-color:#69727d;color:#fff}.elementor-widget-text-editor.elementor-drop-cap-view-framed .elementor-drop-cap{color:#69727d;border:3px solid;background-color:transparent}.elementor-widget-text-editor:not(.elementor-drop-cap-view-default) .elementor-drop-cap{margin-top:8px}.elementor-widget-text-editor:not(.elementor-drop-cap-view-default) .elementor-drop-cap-letter{width:1em;height:1em}.elementor-widget-text-editor .elementor-drop-cap{float:left;text-align:center;line-height:1;font-size:50px}.elementor-widget-text-editor .elementor-drop-cap-letter{display:inline-block}<\/style>\t\t\t\t<p style=\"text-align: left;\">ul. Ko\u0142\u0142\u0105taja 3\/15,<br \/>20-006, Lublin<br \/>Polska<br \/>(+48) 536 536 528<\/p>\t\t\t\t\t\t<\/div>\n\t\t\t\t<\/div>\n\t\t\t\t<div class=\"elementor-element elementor-element-a7bf849 elementor-widget elementor-widget-heading\" data-id=\"a7bf849\" data-element_type=\"widget\" data-widget_type=\"heading.default\">\n\t\t\t\t<div class=\"elementor-widget-container\">\n\t\t\t<h2 class=\"elementor-heading-title elementor-size-default\">EMAIL AND SOCIAL<\/h2>\t\t<\/div>\n\t\t\t\t<\/div>\n\t\t\t\t<div class=\"elementor-element elementor-element-85d2e5e elementor-widget elementor-widget-text-editor\" data-id=\"85d2e5e\" data-element_type=\"widget\" data-widget_type=\"text-editor.default\">\n\t\t\t\t<div class=\"elementor-widget-container\">\n\t\t\t\t\t\t\t<p style=\"text-align: left;\">E-mail:\u00a0<a href=\"mailto:biuro@fresw.pl\">biuro@fresw.pl<\/a><\/p>\t\t\t\t\t\t<\/div>\n\t\t\t\t<\/div>\n\t\t\t\t<div class=\"elementor-element elementor-element-05bf7a5 elementor-widget elementor-widget-image\" data-id=\"05bf7a5\" data-element_type=\"widget\" data-widget_type=\"image.default\">\n\t\t\t\t<div class=\"elementor-widget-container\">\n\t\t\t<style>\/*! elementor - v3.23.0 - 05-08-2024 *\/\n.elementor-widget-image{text-align:center}.elementor-widget-image a{display:inline-block}.elementor-widget-image a img[src$=\".svg\"]{width:48px}.elementor-widget-image img{vertical-align:middle;display:inline-block}<\/style>\t\t\t\t\t\t\t\t\t\t\t<a href=\"https:\/\/www.facebook.com\/freswlublin\/\" target=\"_blank\" rel=\"nofollow\">\n\t\t\t\t\t\t\t<img decoding=\"async\" width=\"200\" height=\"63\" src=\"https:\/\/fresw.pl\/wp-content\/uploads\/2022\/08\/fb-1.png\" class=\"attachment-large size-large wp-image-116\" alt=\"\" \/>\t\t\t\t\t\t\t\t<\/a>\n\t\t\t\t\t\t\t\t\t\t\t\t\t<\/div>\n\t\t\t\t<\/div>\n\t\t\t\t<div class=\"elementor-element elementor-element-0f4bf89 elementor-widget elementor-widget-spacer\" data-id=\"0f4bf89\" data-element_type=\"widget\" data-widget_type=\"spacer.default\">\n\t\t\t\t<div class=\"elementor-widget-container\">\n\t\t\t\t\t<div class=\"elementor-spacer\">\n\t\t\t<div class=\"elementor-spacer-inner\"><\/div>\n\t\t<\/div>\n\t\t\t\t<\/div>\n\t\t\t\t<\/div>\n\t\t\t\t\t<\/div>\n\t\t<\/div>\n\t\t\t\t<div class=\"elementor-column elementor-col-50 elementor-top-column elementor-element elementor-element-e83067d\" data-id=\"e83067d\" data-element_type=\"column\">\n\t\t\t<div class=\"elementor-widget-wrap elementor-element-populated\">\n\t\t\t\t\t\t<div class=\"elementor-element elementor-element-b09bf58 elementor-widget elementor-widget-spacer\" data-id=\"b09bf58\" data-element_type=\"widget\" data-widget_type=\"spacer.default\">\n\t\t\t\t<div class=\"elementor-widget-container\">\n\t\t\t\t\t<div class=\"elementor-spacer\">\n\t\t\t<div class=\"elementor-spacer-inner\"><\/div>\n\t\t<\/div>\n\t\t\t\t<\/div>\n\t\t\t\t<\/div>\n\t\t\t\t<div class=\"elementor-element elementor-element-fa28b5c elementor-widget elementor-widget-heading\" data-id=\"fa28b5c\" data-element_type=\"widget\" data-widget_type=\"heading.default\">\n\t\t\t\t<div class=\"elementor-widget-container\">\n\t\t\t<h2 class=\"elementor-heading-title elementor-size-default\">\u041a\u041e\u041d\u0422\u0410\u041a\u0422\u041d\u0406 \u0414\u0410\u041d\u0406<\/h2>\t\t<\/div>\n\t\t\t\t<\/div>\n\t\t\t\t<div class=\"elementor-element elementor-element-26f8242 elementor-widget elementor-widget-text-editor\" data-id=\"26f8242\" data-element_type=\"widget\" data-widget_type=\"text-editor.default\">\n\t\t\t\t<div class=\"elementor-widget-container\">\n\t\t\t\t\t\t\t<p style=\"text-align: left;\">\u0424\u043e\u043d\u0434 \u0440\u043e\u0437\u0432\u0438\u0442\u043a\u0443 \u0446\u0435\u043d\u0442\u0440\u0430\u043b\u044c\u043d\u043e\u0457 \u0442\u0430 \u0441\u0445\u0456\u0434\u043d\u043e\u0457 \u0404\u0432\u0440\u043e\u043f\u0438<br \/>NIP: 946-264-44-46<br \/>REGON: 061571146<br \/>KRS: 466446<br \/>Konto: mBank<br \/>IBAN: PL 56 1140 2004 0000 3902 8044 4247<br \/>BIC: BREXPLPWMBK<\/p>\t\t\t\t\t\t<\/div>\n\t\t\t\t<\/div>\n\t\t\t\t<div class=\"elementor-element elementor-element-8baa845 elementor-widget elementor-widget-spacer\" data-id=\"8baa845\" data-element_type=\"widget\" data-widget_type=\"spacer.default\">\n\t\t\t\t<div class=\"elementor-widget-container\">\n\t\t\t\t\t<div class=\"elementor-spacer\">\n\t\t\t<div class=\"elementor-spacer-inner\"><\/div>\n\t\t<\/div>\n\t\t\t\t<\/div>\n\t\t\t\t<\/div>\n\t\t\t\t\t<\/div>\n\t\t<\/div>\n\t\t\t\t\t<\/div>\n\t\t<\/section>\n\t\t\t\t<\/div>\n\t\t","protected":false},"excerpt":{"rendered":"<p>\u041a\u043e\u043d\u0442\u0430\u043a\u0442 \u0410\u0414\u0420\u0415\u0421\u0410 ul. Ko\u0142\u0142\u0105taja 3\/15, 20-006, Lublin Polska (+48) 536 536 528 EMAIL AND SOCIAL E-mail:\u00a0biuro@fresw.pl \u041a\u041e\u041d\u0422\u0410\u041a\u0422\u041d\u0406 \u0414\u0410\u041d\u0406 \u0424\u043e\u043d\u0434 \u0440\u043e\u0437\u0432\u0438\u0442\u043a\u0443 \u0446\u0435\u043d\u0442\u0440\u0430\u043b\u044c\u043d\u043e\u0457 \u0442\u0430 \u0441\u0445\u0456\u0434\u043d\u043e\u0457 \u0404\u0432\u0440\u043e\u043f\u0438 NIP: 946-264-44-46 REGON: 061571146 KRS: 466446 Konto: mBank IBAN: PL 56 1140 2004 0000 3902 8044 4247 BIC: BREXPLPWMBK<\/p>\n","protected":false},"author":1,"featured_media":0,"parent":0,"menu_order":0,"comment_status":"closed","ping_status":"closed","template":"elementor_header_footer","meta":{"_kad_post_transparent":"default","_kad_post_title":"default","_kad_post_layout":"default","_kad_post_sidebar_id":"","_kad_post_content_style":"default","_kad_post_vertical_padding":"default","_kad_post_feature":"","_kad_post_feature_position":"","_kad_post_header":false,"_kad_post_footer":false,"footnotes":""},"class_list":["post-554","page","type-page","status-publish","hentry"],"yoast_head":"<!-- This site is optimized with the Yoast SEO plugin v23.8 - https:\/\/yoast.com\/wordpress\/plugins\/seo\/ -->\n<title>\u041a\u043e\u043d\u0442\u0430\u043a\u0442 - FRESW<\/title>\n<meta name=\"robots\" content=\"index, follow, max-snippet:-1, max-image-preview:large, max-video-preview:-1\" \/>\n<link rel=\"canonical\" href=\"https:\/\/fresw.pl\/uk\/kontakt\" \/>\n<meta property=\"og:locale\" content=\"uk_UA\" \/>\n<meta property=\"og:type\" content=\"article\" \/>\n<meta property=\"og:title\" content=\"\u041a\u043e\u043d\u0442\u0430\u043a\u0442 - FRESW\" \/>\n<meta property=\"og:description\" content=\"\u041a\u043e\u043d\u0442\u0430\u043a\u0442 \u0410\u0414\u0420\u0415\u0421\u0410 ul. Ko\u0142\u0142\u0105taja 3\/15, 20-006, Lublin Polska (+48) 536 536 528 EMAIL AND SOCIAL E-mail:\u00a0biuro@fresw.pl \u041a\u041e\u041d\u0422\u0410\u041a\u0422\u041d\u0406 \u0414\u0410\u041d\u0406 \u0424\u043e\u043d\u0434 \u0440\u043e\u0437\u0432\u0438\u0442\u043a\u0443 \u0446\u0435\u043d\u0442\u0440\u0430\u043b\u044c\u043d\u043e\u0457 \u0442\u0430 \u0441\u0445\u0456\u0434\u043d\u043e\u0457 \u0404\u0432\u0440\u043e\u043f\u0438 NIP: 946-264-44-46 REGON: 061571146 KRS: 466446 Konto: mBank IBAN: PL 56 1140 2004 0000 3902 8044 4247 BIC: BREXPLPWMBK\" \/>\n<meta property=\"og:url\" content=\"https:\/\/fresw.pl\/uk\/kontakt\" \/>\n<meta property=\"og:site_name\" content=\"FRESW\" \/>\n<meta property=\"article:modified_time\" content=\"2023-07-11T21:57:52+00:00\" \/>\n<meta property=\"og:image\" content=\"https:\/\/fresw.pl\/wp-content\/uploads\/2022\/08\/fb-1.png\" \/>\n<meta name=\"twitter:card\" content=\"summary_large_image\" \/>\n<meta name=\"twitter:label1\" content=\"\u041f\u0440\u0438\u0431\u043b. \u0447\u0430\u0441 \u0447\u0438\u0442\u0430\u043d\u043d\u044f\" \/>\n\t<meta name=\"twitter:data1\" content=\"1 \u0445\u0432\u0438\u043b\u0438\u043d\u0430\" \/>\n<script type=\"application\/ld+json\" class=\"yoast-schema-graph\">{\"@context\":\"https:\/\/schema.org\",\"@graph\":[{\"@type\":\"WebPage\",\"@id\":\"https:\/\/fresw.pl\/uk\/kontakt\",\"url\":\"https:\/\/fresw.pl\/uk\/kontakt\",\"name\":\"\u041a\u043e\u043d\u0442\u0430\u043a\u0442 - FRESW\",\"isPartOf\":{\"@id\":\"https:\/\/fresw.pl\/uk#website\"},\"primaryImageOfPage\":{\"@id\":\"https:\/\/fresw.pl\/uk\/kontakt#primaryimage\"},\"image\":{\"@id\":\"https:\/\/fresw.pl\/uk\/kontakt#primaryimage\"},\"thumbnailUrl\":\"https:\/\/fresw.pl\/wp-content\/uploads\/2022\/08\/fb-1.png\",\"datePublished\":\"2023-06-12T14:01:18+00:00\",\"dateModified\":\"2023-07-11T21:57:52+00:00\",\"breadcrumb\":{\"@id\":\"https:\/\/fresw.pl\/uk\/kontakt#breadcrumb\"},\"inLanguage\":\"uk\",\"potentialAction\":[{\"@type\":\"ReadAction\",\"target\":[\"https:\/\/fresw.pl\/uk\/kontakt\"]}]},{\"@type\":\"ImageObject\",\"inLanguage\":\"uk\",\"@id\":\"https:\/\/fresw.pl\/uk\/kontakt#primaryimage\",\"url\":\"https:\/\/fresw.pl\/wp-content\/uploads\/2022\/08\/fb-1.png\",\"contentUrl\":\"https:\/\/fresw.pl\/wp-content\/uploads\/2022\/08\/fb-1.png\"},{\"@type\":\"BreadcrumbList\",\"@id\":\"https:\/\/fresw.pl\/uk\/kontakt#breadcrumb\",\"itemListElement\":[{\"@type\":\"ListItem\",\"position\":1,\"name\":\"Strona g\u0142\u00f3wna\",\"item\":\"https:\/\/fresw.pl\/uk\"},{\"@type\":\"ListItem\",\"position\":2,\"name\":\"\u041a\u043e\u043d\u0442\u0430\u043a\u0442\"}]},{\"@type\":\"WebSite\",\"@id\":\"https:\/\/fresw.pl\/uk#website\",\"url\":\"https:\/\/fresw.pl\/uk\",\"name\":\"FRESW\",\"description\":\"Fundacja Rozwoju Europy \u015arodkowo-Wschodniej\",\"publisher\":{\"@id\":\"https:\/\/fresw.pl\/uk#organization\"},\"potentialAction\":[{\"@type\":\"SearchAction\",\"target\":{\"@type\":\"EntryPoint\",\"urlTemplate\":\"https:\/\/fresw.pl\/uk?s={search_term_string}\"},\"query-input\":{\"@type\":\"PropertyValueSpecification\",\"valueRequired\":true,\"valueName\":\"search_term_string\"}}],\"inLanguage\":\"uk\"},{\"@type\":\"Organization\",\"@id\":\"https:\/\/fresw.pl\/uk#organization\",\"name\":\"FRESW\",\"url\":\"https:\/\/fresw.pl\/uk\",\"logo\":{\"@type\":\"ImageObject\",\"inLanguage\":\"uk\",\"@id\":\"https:\/\/fresw.pl\/uk#\/schema\/logo\/image\/\",\"url\":\"https:\/\/fresw.pl\/wp-content\/uploads\/2024\/11\/logo.webp\",\"contentUrl\":\"https:\/\/fresw.pl\/wp-content\/uploads\/2024\/11\/logo.webp\",\"width\":878,\"height\":284,\"caption\":\"FRESW\"},\"image\":{\"@id\":\"https:\/\/fresw.pl\/uk#\/schema\/logo\/image\/\"}}]}<\/script>\n<!-- \/ Yoast SEO plugin. -->","yoast_head_json":{"title":"\u041a\u043e\u043d\u0442\u0430\u043a\u0442 - FRESW","robots":{"index":"index","follow":"follow","max-snippet":"max-snippet:-1","max-image-preview":"max-image-preview:large","max-video-preview":"max-video-preview:-1"},"canonical":"https:\/\/fresw.pl\/uk\/kontakt","og_locale":"uk_UA","og_type":"article","og_title":"\u041a\u043e\u043d\u0442\u0430\u043a\u0442 - FRESW","og_description":"\u041a\u043e\u043d\u0442\u0430\u043a\u0442 \u0410\u0414\u0420\u0415\u0421\u0410 ul. Ko\u0142\u0142\u0105taja 3\/15, 20-006, Lublin Polska (+48) 536 536 528 EMAIL AND SOCIAL E-mail:\u00a0biuro@fresw.pl \u041a\u041e\u041d\u0422\u0410\u041a\u0422\u041d\u0406 \u0414\u0410\u041d\u0406 \u0424\u043e\u043d\u0434 \u0440\u043e\u0437\u0432\u0438\u0442\u043a\u0443 \u0446\u0435\u043d\u0442\u0440\u0430\u043b\u044c\u043d\u043e\u0457 \u0442\u0430 \u0441\u0445\u0456\u0434\u043d\u043e\u0457 \u0404\u0432\u0440\u043e\u043f\u0438 NIP: 946-264-44-46 REGON: 061571146 KRS: 466446 Konto: mBank IBAN: PL 56 1140 2004 0000 3902 8044 4247 BIC: BREXPLPWMBK","og_url":"https:\/\/fresw.pl\/uk\/kontakt","og_site_name":"FRESW","article_modified_time":"2023-07-11T21:57:52+00:00","og_image":[{"url":"https:\/\/fresw.pl\/wp-content\/uploads\/2022\/08\/fb-1.png"}],"twitter_card":"summary_large_image","twitter_misc":{"\u041f\u0440\u0438\u0431\u043b. \u0447\u0430\u0441 \u0447\u0438\u0442\u0430\u043d\u043d\u044f":"1 \u0445\u0432\u0438\u043b\u0438\u043d\u0430"},"schema":{"@context":"https:\/\/schema.org","@graph":[{"@type":"WebPage","@id":"https:\/\/fresw.pl\/uk\/kontakt","url":"https:\/\/fresw.pl\/uk\/kontakt","name":"\u041a\u043e\u043d\u0442\u0430\u043a\u0442 - FRESW","isPartOf":{"@id":"https:\/\/fresw.pl\/uk#website"},"primaryImageOfPage":{"@id":"https:\/\/fresw.pl\/uk\/kontakt#primaryimage"},"image":{"@id":"https:\/\/fresw.pl\/uk\/kontakt#primaryimage"},"thumbnailUrl":"https:\/\/fresw.pl\/wp-content\/uploads\/2022\/08\/fb-1.png","datePublished":"2023-06-12T14:01:18+00:00","dateModified":"2023-07-11T21:57:52+00:00","breadcrumb":{"@id":"https:\/\/fresw.pl\/uk\/kontakt#breadcrumb"},"inLanguage":"uk","potentialAction":[{"@type":"ReadAction","target":["https:\/\/fresw.pl\/uk\/kontakt"]}]},{"@type":"ImageObject","inLanguage":"uk","@id":"https:\/\/fresw.pl\/uk\/kontakt#primaryimage","url":"https:\/\/fresw.pl\/wp-content\/uploads\/2022\/08\/fb-1.png","contentUrl":"https:\/\/fresw.pl\/wp-content\/uploads\/2022\/08\/fb-1.png"},{"@type":"BreadcrumbList","@id":"https:\/\/fresw.pl\/uk\/kontakt#breadcrumb","itemListElement":[{"@type":"ListItem","position":1,"name":"Strona g\u0142\u00f3wna","item":"https:\/\/fresw.pl\/uk"},{"@type":"ListItem","position":2,"name":"\u041a\u043e\u043d\u0442\u0430\u043a\u0442"}]},{"@type":"WebSite","@id":"https:\/\/fresw.pl\/uk#website","url":"https:\/\/fresw.pl\/uk","name":"FRESW","description":"Fundacja Rozwoju Europy \u015arodkowo-Wschodniej","publisher":{"@id":"https:\/\/fresw.pl\/uk#organization"},"potentialAction":[{"@type":"SearchAction","target":{"@type":"EntryPoint","urlTemplate":"https:\/\/fresw.pl\/uk?s={search_term_string}"},"query-input":{"@type":"PropertyValueSpecification","valueRequired":true,"valueName":"search_term_string"}}],"inLanguage":"uk"},{"@type":"Organization","@id":"https:\/\/fresw.pl\/uk#organization","name":"FRESW","url":"https:\/\/fresw.pl\/uk","logo":{"@type":"ImageObject","inLanguage":"uk","@id":"https:\/\/fresw.pl\/uk#\/schema\/logo\/image\/","url":"https:\/\/fresw.pl\/wp-content\/uploads\/2024\/11\/logo.webp","contentUrl":"https:\/\/fresw.pl\/wp-content\/uploads\/2024\/11\/logo.webp","width":878,"height":284,"caption":"FRESW"},"image":{"@id":"https:\/\/fresw.pl\/uk#\/schema\/logo\/image\/"}}]}},"_links":{"self":[{"href":"https:\/\/fresw.pl\/uk\/wp-json\/wp\/v2\/pages\/554","targetHints":{"allow":["GET"]}}],"collection":[{"href":"https:\/\/fresw.pl\/uk\/wp-json\/wp\/v2\/pages"}],"about":[{"href":"https:\/\/fresw.pl\/uk\/wp-json\/wp\/v2\/types\/page"}],"author":[{"embeddable":true,"href":"https:\/\/fresw.pl\/uk\/wp-json\/wp\/v2\/users\/1"}],"replies":[{"embeddable":true,"href":"https:\/\/fresw.pl\/uk\/wp-json\/wp\/v2\/comments?post=554"}],"version-history":[{"count":4,"href":"https:\/\/fresw.pl\/uk\/wp-json\/wp\/v2\/pages\/554\/revisions"}],"predecessor-version":[{"id":601,"href":"https:\/\/fresw.pl\/uk\/wp-json\/wp\/v2\/pages\/554\/revisions\/601"}],"wp:attachment":[{"href":"https:\/\/fresw.pl\/uk\/wp-json\/wp\/v2\/media?parent=554"}],"curies":[{"name":"wp","href":"https:\/\/api.w.org\/{rel}","templated":true}]}}